{"id":10934,"date":"2023-10-30T10:37:09","date_gmt":"2023-10-30T09:37:09","guid":{"rendered":"https:\/\/bamar.pl\/products\/"},"modified":"2024-02-09T14:50:40","modified_gmt":"2024-02-09T13:50:40","slug":"products","status":"publish","type":"page","link":"https:\/\/bamar.pl\/fr\/products\/","title":{"rendered":"Produits"},"content":{"rendered":"\n<div class=\"wp-block-greenshift-blocks-container alignfull gspb_container gspb_container-gsbp-563320b0-ca36 section--padding-110-left section--padding-110-right products-cat-grid\" id=\"gspb_container-id-gsbp-563320b0-ca36\">\n<div class=\"wp-block-greenshift-blocks-container gspb_container gspb_container-gsbp-a3e6dd12-45f4\" id=\"gspb_container-id-gsbp-a3e6dd12-45f4\">\n<h2 id=\"gspb_heading-id-gsbp-0c9a0802-6eb5\" class=\"strong gspb_heading gspb_heading-id-gsbp-0c9a0802-6eb5 \">Syst\u00e8mes de stores<\/h2>\n\n\n\n<div id=\"gspb_text-id-gsbp-21f2b05c-958d\" class=\"gspb_text gspb_text-id-gsbp-21f2b05c-958d \">Solutions compl\u00e8tes pour la production et l&rsquo;installation de syst\u00e8mes de stores.<\/div>\n\n\n\n<div class=\"gspb_button_wrapper gspb_button-id-gsbp-bdfff5cc-d900\" id=\"gspb_button-id-gsbp-bdfff5cc-d900\"><a class=\"wp-block-greenshift-blocks-buttonbox gspb-buttonbox wp-element-button  btn\" href=\"https:\/\/bamar.pl\/en\/products\/roller-blind-systems\/\" rel=\"noopener\"><span class=\"gspb-buttonbox-textwrap\"><span class=\"gspb-buttonbox-text\"><span class=\"gspb-buttonbox-title\">Afficher les produits<\/span><\/span><\/span><\/a><\/div>\n<\/div>\n\n\n\n<div class=\"wp-block-greenshift-blocks-container gspb_container gspb_container-gsbp-2168cefb-c083\" id=\"gspb_container-id-gsbp-2168cefb-c083\">\n<h2 id=\"gspb_heading-id-gsbp-feb06969-b83b\" class=\"strong gspb_heading gspb_heading-id-gsbp-feb06969-b83b \">Tissus pour stores<\/h2>\n\n\n\n<div id=\"gspb_text-id-gsbp-05aa076f-6e23\" class=\"gspb_text gspb_text-id-gsbp-05aa076f-6e23 \">Large gamme de collections de tissus pour stores.<\/div>\n\n\n\n<div class=\"gspb_button_wrapper gspb_button-id-gsbp-7ec237e9-1ff1\" id=\"gspb_button-id-gsbp-7ec237e9-1ff1\"><a class=\"wp-block-greenshift-blocks-buttonbox gspb-buttonbox wp-element-button  btn\" href=\"https:\/\/bamar.pl\/en\/products\/fabrics-for-roller-blinds\/\" rel=\"noopener\"><span class=\"gspb-buttonbox-textwrap\"><span class=\"gspb-buttonbox-text\"><span class=\"gspb-buttonbox-title\">Afficher les produits<\/span><\/span><\/span><\/a><\/div>\n<\/div>\n\n\n\n<div class=\"wp-block-greenshift-blocks-container gspb_container gspb_container-gsbp-e547bf63-47b5\" id=\"gspb_container-id-gsbp-e547bf63-47b5\">\n<h2 id=\"gspb_heading-id-gsbp-0ce5a69e-d60b\" class=\"strong gspb_heading gspb_heading-id-gsbp-0ce5a69e-d60b \">Rubans adh\u00e9sifs<\/h2>\n\n\n\n<div id=\"gspb_text-id-gsbp-2521791f-0e72\" class=\"gspb_text gspb_text-id-gsbp-2521791f-0e72 \">Solutions sp\u00e9cialis\u00e9es pour l&rsquo;industrie des stores et au-del\u00e0.<\/div>\n\n\n\n<div class=\"gspb_button_wrapper gspb_button-id-gsbp-f21a9a43-cc1f\" id=\"gspb_button-id-gsbp-f21a9a43-cc1f\"><a class=\"wp-block-greenshift-blocks-buttonbox gspb-buttonbox wp-element-button  btn\" href=\"https:\/\/bamar.pl\/en\/products\/self-adhesive-tapes\/\" rel=\"noopener\"><span class=\"gspb-buttonbox-textwrap\"><span class=\"gspb-buttonbox-text\"><span class=\"gspb-buttonbox-title\">Afficher les produits<\/span><\/span><\/span><\/a><\/div>\n<\/div>\n\n\n\n<div class=\"wp-block-greenshift-blocks-container gspb_container gspb_container-gsbp-6591aad3-4cbb\" id=\"gspb_container-id-gsbp-6591aad3-4cbb\">\n<h2 id=\"gspb_heading-id-gsbp-8ae5adee-3263\" class=\"strong gspb_heading gspb_heading-id-gsbp-8ae5adee-3263 \">Smart Blinds<\/h2>\n\n\n\n<div id=\"gspb_text-id-gsbp-41277948-a56e\" class=\"gspb_text gspb_text-id-gsbp-41277948-a56e \">Solution intelligente pour l&rsquo;automatisation de vos stores.<\/div>\n\n\n\n<div class=\"gspb_button_wrapper gspb_button-id-gsbp-b206088d-0a2e\" id=\"gspb_button-id-gsbp-b206088d-0a2e\"><a class=\"wp-block-greenshift-blocks-buttonbox gspb-buttonbox wp-element-button  btn\" href=\"https:\/\/bamar.pl\/en\/products\/smart-blinds-en\/\" rel=\"noopener\"><span class=\"gspb-buttonbox-textwrap\"><span class=\"gspb-buttonbox-text\"><span class=\"gspb-buttonbox-title\">Afficher les produits<\/span><\/span><\/span><\/a><\/div>\n<\/div>\n<\/div>\n\n\n\n<div class=\"wp-block-greenshift-blocks-container gspb_container gspb_container-gsbp-9deeb129-9b5a\" id=\"gspb_container-id-gsbp-9deeb129-9b5a\">\n<div class=\"wp-block-greenshift-blocks-container gspb_container gspb_container-gsbp-b1e09851-1ae6 section--big_padding  section--padding-110-left section--padding-110-right section--gray\" id=\"gspb_container-id-gsbp-b1e09851-1ae6\">\n<div class=\"wp-block-greenshift-blocks-container gspb_container gspb_container-gsbp-8bfe7650-c822\" id=\"gspb_container-id-gsbp-8bfe7650-c822\" data-aos=\"fade-left\" data-aos-easing=\"ease\" data-aos-duration=\"700\">\n<h2 id=\"gspb_heading-id-gsbp-fd3756f0-84c5\" class=\" max-txt-width gspb_heading gspb_heading-id-gsbp-fd3756f0-84c5 \">Bienvenue dans notre salle d&rsquo;exposition en ligne<\/h2>\n\n\n\n<div id=\"gspb_text-id-gsbp-7a3affcb-65fd\" class=\"gspb_text gspb_text-id-gsbp-7a3affcb-65fd h4 max-txt-width\">D\u00e9couvrez tous les produits dans une visite en ligne en 3D.<\/div>\n<\/div>\n<\/div>\n<\/div>\n\n\n<style>.gspb_container-id-gsbp-89cfa513-ac88{flex-direction:column;box-sizing:border-box;}#gspb_container-id-gsbp-89cfa513-ac88.gspb_container >p:last-of-type{margin-bottom:0}.gspb_container{position:relative;}#gspb_container-id-gsbp-89cfa513-ac88.gspb_container{display:grid;grid-template-columns:repeat(2,minmax(0,1fr));grid-template:auto \/ 5fr 7fr;}@media (max-width:575.98px){#gspb_container-id-gsbp-89cfa513-ac88.gspb_container{grid-template-columns:repeat(1,minmax(0,1fr));}}#gspb_container-id-gsbp-89cfa513-ac88.gspb_container{background-size:36vw;background-repeat:no-repeat;background-position:100% 50%;}<\/style>\n<div class=\"wp-block-greenshift-blocks-container gspb_container gspb_container-gsbp-89cfa513-ac88  section--padding-110-left section--padding-110-right section--gray\" id=\"gspb_container-id-gsbp-89cfa513-ac88\"><style>.gspb_container-id-gsbp-f55c7d0c-1cb6{flex-direction:column;box-sizing:border-box;}#gspb_container-id-gsbp-f55c7d0c-1cb6.gspb_container >p:last-of-type{margin-bottom:0}.gspb_container{position:relative;}#gspb_container-id-gsbp-f55c7d0c-1cb6.gspb_container{display:flex;flex-direction:column;flex-wrap:nowrap;justify-content:flex-end;}#gspb_container-id-gsbp-f55c7d0c-1cb6.gspb_container{padding-top:4vh;padding-bottom:4vh;}<\/style>\n<div class=\"wp-block-greenshift-blocks-container gspb_container gspb_container-gsbp-f55c7d0c-1cb6 section--dkgray section--padding-110-left section--padding-110-right\" id=\"gspb_container-id-gsbp-f55c7d0c-1cb6\"><style>#gspb_heading-id-gsbp-58353a95-c140{color:#ffffff;}@media (max-width:575.98px){#gspb_heading-id-gsbp-58353a95-c140{margin-top:0px;}}<\/style>\n<h2 id=\"gspb_heading-id-gsbp-58353a95-c140\" class=\"gspb_heading gspb_heading-id-gsbp-58353a95-c140 \">Salle d&rsquo;exposition en 3D<\/h2>\n\n\n<style>.gspb_text-id-gsbp-6f0d1309-f2ad{color:#ffffff;}<\/style>\n<div id=\"gspb_text-id-gsbp-6f0d1309-f2ad\" class=\"gspb_text gspb_text-id-gsbp-6f0d1309-f2ad \">Parcourez plus de 1 800 produits et consultez les d\u00e9tails du produit s\u00e9lectionn\u00e9.<\/div>\n\n\n<style>.gspb_container-id-gsbp-55219105-ce0f{flex-direction:column;box-sizing:border-box;}#gspb_container-id-gsbp-55219105-ce0f.gspb_container >p:last-of-type{margin-bottom:0}.gspb_container{position:relative;}#gspb_container-id-gsbp-55219105-ce0f.gspb_container{display:flex;flex-direction:row;justify-content:flex-start;align-items:center;}#gspb_container-id-gsbp-55219105-ce0f.gspb_container{transition-duration:0.7s;}#gspb_container-id-gsbp-55219105-ce0f.gspb_container{transition-timing-function:ease;}#gspb_container-id-gsbp-55219105-ce0f.gspb_container{opacity:0;transition-property:opacity,transform;}#gspb_container-id-gsbp-55219105-ce0f.gspb_container.aos-animate,#gspb_container-id-gsbp-55219105-ce0f.gspb_container[data-gs-aos]{opacity:1;transform:translateZ(0);}#gspb_container-id-gsbp-55219105-ce0f.gspb_container{transform:translate3d(0,-60px,0);}<\/style>\n<div class=\"wp-block-greenshift-blocks-container gspb_container gspb_container-gsbp-55219105-ce0f\" id=\"gspb_container-id-gsbp-55219105-ce0f\" data-aos=\"fade-down\" data-aos-easing=\"ease\" data-aos-duration=\"700\"><style>.gspb_text-id-gsbp-9bdd9031-9d5d{color:#ffffff;}.gspb_text-id-gsbp-9bdd9031-9d5d a,.gspb_text-id-gsbp-9bdd9031-9d5d .wp-block a{color:#ffffff;}.gspb_text-id-gsbp-9bdd9031-9d5d a:hover,.gspb_text-id-gsbp-9bdd9031-9d5d .wp-block a:hover{color:var(--wp--preset--color--ast-global-color-1,var(--ast-global-color-1));}<\/style>\n<div id=\"gspb_text-id-gsbp-9bdd9031-9d5d\" class=\"gspb_text gspb_text-id-gsbp-9bdd9031-9d5d \"><a href=\"https:\/\/turysta3d.pl\/bamar\/\" data-type=\"iframe\" data-id=\"https:\/\/turysta3d.pl\/bamar\/\" target=\"_blank\" rel=\"noopener\">D\u00e9marrage <\/a><\/div>\n\n\n<style>#gspb_image-id-gsbp-d1d4f7e6-2784 img{vertical-align:top;}#gspb_image-id-gsbp-d1d4f7e6-2784 img{display:inline-block;box-sizing:border-box;max-width:100%;height:auto;}#gspb_image-id-gsbp-d1d4f7e6-2784{margin-top:1.39vw;margin-right:1.39vw;margin-bottom:1.39vw;margin-left:1.39vw;}#gspb_image-id-gsbp-d1d4f7e6-2784 img{transition-duration:0.7s;}#gspb_image-id-gsbp-d1d4f7e6-2784 img{transition-timing-function:ease;}#gspb_image-id-gsbp-d1d4f7e6-2784 img{transition-delay:0s;}#gspb_image-id-gsbp-d1d4f7e6-2784 img.aos-animate,#gspb_image-id-gsbp-d1d4f7e6-2784 img[data-gs-aos]{transition-delay:0.5s;}#gspb_image-id-gsbp-d1d4f7e6-2784 img{backface-visibility:hidden;transition-property:opacity,transform;opacity:0;}#gspb_image-id-gsbp-d1d4f7e6-2784 img{transform:perspective(2500px) rotateY(-100deg);}#gspb_image-id-gsbp-d1d4f7e6-2784 img.aos-animate,#gspb_image-id-gsbp-d1d4f7e6-2784 img[data-gs-aos]{transform:perspective(2500px) rotateY(0);opacity:1;}<\/style>\n<div class=\"wp-block-greenshift-blocks-image gspb_image gspb_image-id-gsbp-d1d4f7e6-2784\" id=\"gspb_image-id-gsbp-d1d4f7e6-2784\"><img decoding=\"async\" src=\"https:\/\/bamar.pl\/wp-content\/uploads\/2023\/11\/spacer-360.svg\" data-src=\"\" alt=\"\" loading=\"lazy\" width=\"64\" height=\"64\" data-aos=\"flip-left\" data-aos-delay=\"500\" data-aos-easing=\"ease\" data-aos-duration=\"700\"\/><\/div>\n<\/div>\n<\/div>\n\n\n<style>.gspb_container-id-gsbp-0cd8cc9f-fda2{flex-direction:column;box-sizing:border-box;}#gspb_container-id-gsbp-0cd8cc9f-fda2.gspb_container >p:last-of-type{margin-bottom:0}.gspb_container{position:relative;}body.gspb-bodyfront #gspb_container-id-gsbp-0cd8cc9f-fda2.gspb_container{width:100%;}<\/style>\n<div class=\"wp-block-greenshift-blocks-container gspb_container gspb_container-gsbp-0cd8cc9f-fda2\" id=\"gspb_container-id-gsbp-0cd8cc9f-fda2\">\n<div class=\"section--video_wrapper\"><iframe class=\"youtube-background\" loading=\"lazy\" width=\"100%\" height=\"100%\" data-src=\"https:\/\/www.youtube-nocookie.com\/embed\/NWv4aYox_4M?si=fn_Doj5fMXk144pz&amp;controls=0&#038;mute=1&#038;playsinline=1&#038;autoplay=1&#038;loop=1&#038;showinfo=0&#038;playlist=NWv4aYox_4M&#038;showinfo=0&#038;modestBranding=1&#038;autohide=1\" frameborder=\"0\" allowFullScreen allow=\"autoplay\"><\/iframe><\/div>\n<\/div>\n<\/div>\n\n\n\n<div class=\"wp-block-greenshift-blocks-container gspb_container gspb_container-gsbp-7d68e5e4-9b7f section--gray\" id=\"gspb_container-id-gsbp-7d68e5e4-9b7f\"><\/div>\n","protected":false},"excerpt":{"rendered":"<p>Solutions compl\u00e8tes pour la production et l&rsquo;installation de syst\u00e8mes de&#8230;<\/p>\n <p class=\"read-more\"> <a class=\"\" href=\"https:\/\/bamar.pl\/fr\/products\/\"> <span class=\"screen-reader-text\">Produits<\/span> <span>Voir plus<\/span><\/a><\/p>","protected":false},"author":4,"featured_media":0,"parent":0,"menu_order":0,"comment_status":"closed","ping_status":"closed","template":"","meta":{"_acf_changed":false,"_gspb_post_css":"#gspb_heading-id-gsbp-0c9a0802-6eb5{margin-bottom:1.11rem}.gspb_text-id-gsbp-05aa076f-6e23,.gspb_text-id-gsbp-21f2b05c-958d,.gspb_text-id-gsbp-2521791f-0e72,.gspb_text-id-gsbp-41277948-a56e{margin-bottom:1.11rem!important}#gspb_button-id-gsbp-bdfff5cc-d900{display:flex;justify-content:flex-start}#gspb_button-id-gsbp-bdfff5cc-d900 .gspb-buttonbox-text{display:flex;flex-direction:column}#gspb_button-id-gsbp-bdfff5cc-d900>.gspb-buttonbox{box-sizing:border-box}#gspb_heading-id-gsbp-feb06969-b83b{margin-bottom:1.11rem}#gspb_button-id-gsbp-7ec237e9-1ff1{display:flex;justify-content:flex-start}#gspb_button-id-gsbp-7ec237e9-1ff1 .gspb-buttonbox-text{display:flex;flex-direction:column}#gspb_button-id-gsbp-7ec237e9-1ff1>.gspb-buttonbox{box-sizing:border-box}#gspb_heading-id-gsbp-0ce5a69e-d60b{margin-bottom:1.11rem}#gspb_button-id-gsbp-f21a9a43-cc1f{display:flex;justify-content:flex-start}#gspb_button-id-gsbp-f21a9a43-cc1f .gspb-buttonbox-text{display:flex;flex-direction:column}#gspb_button-id-gsbp-f21a9a43-cc1f>.gspb-buttonbox{box-sizing:border-box}#gspb_heading-id-gsbp-8ae5adee-3263{margin-bottom:1.11rem}#gspb_button-id-gsbp-b206088d-0a2e{display:flex;justify-content:flex-start}#gspb_button-id-gsbp-b206088d-0a2e .gspb-buttonbox-text{display:flex;flex-direction:column}#gspb_button-id-gsbp-b206088d-0a2e>.gspb-buttonbox{box-sizing:border-box}#gspb_heading-id-gsbp-fd3756f0-84c5{margin-bottom:20px}#gspb_container-id-gsbp-563320b0-ca36.gspb_container{flex-direction:column;box-sizing:border-box;display:grid;grid-template-columns:repeat(2,minmax(0,1fr));row-gap:1.4rem;column-gap:1.4rem}#gspb_container-id-gsbp-2168cefb-c083.gspb_container>p:last-of-type,#gspb_container-id-gsbp-563320b0-ca36.gspb_container>p:last-of-type,#gspb_container-id-gsbp-6591aad3-4cbb.gspb_container>p:last-of-type,#gspb_container-id-gsbp-7d68e5e4-9b7f.gspb_container>p:last-of-type,#gspb_container-id-gsbp-8bfe7650-c822.gspb_container>p:last-of-type,#gspb_container-id-gsbp-9deeb129-9b5a.gspb_container>p:last-of-type,#gspb_container-id-gsbp-a3e6dd12-45f4.gspb_container>p:last-of-type,#gspb_container-id-gsbp-b1e09851-1ae6.gspb_container>p:last-of-type,#gspb_container-id-gsbp-e547bf63-47b5.gspb_container>p:last-of-type{margin-bottom:0}.gspb_container{position:relative}@media (max-width:991.98px){#gspb_container-id-gsbp-563320b0-ca36.gspb_container{grid-template-columns:repeat(1,minmax(0,1fr))}}#gspb_container-id-gsbp-563320b0-ca36.gspb_container{padding-bottom:6.94vw}#gspb_container-id-gsbp-a3e6dd12-45f4.gspb_container{flex-direction:column;box-sizing:border-box;background-size:cover;background-repeat:no-repeat;background-position:100% 50%;background-image:url(https:\/\/bamar.pl\/wp-content\/uploads\/2023\/11\/systemy-roletowe-slider.jpg)}#gspb_container-id-gsbp-2168cefb-c083.gspb_container:hover,#gspb_container-id-gsbp-6591aad3-4cbb.gspb_container:hover,#gspb_container-id-gsbp-a3e6dd12-45f4.gspb_container:hover,#gspb_container-id-gsbp-e547bf63-47b5.gspb_container:hover{background-size:cover}#gspb_container-id-gsbp-2168cefb-c083.gspb_container{flex-direction:column;box-sizing:border-box;background-size:cover;background-repeat:no-repeat;background-image:url(https:\/\/bamar.pl\/wp-content\/uploads\/2023\/11\/tkaniny-roletowe.jpg)}#gspb_container-id-gsbp-6591aad3-4cbb.gspb_container,#gspb_container-id-gsbp-e547bf63-47b5.gspb_container{flex-direction:column;box-sizing:border-box;background-size:cover;background-repeat:no-repeat;background-image:url(https:\/\/bamar.pl\/wp-content\/uploads\/2023\/11\/tasmy-samoprzylepne.jpg)}#gspb_container-id-gsbp-6591aad3-4cbb.gspb_container{background-image:url(https:\/\/bamar.pl\/wp-content\/uploads\/2023\/11\/smart-blinds.jpg)}#gspb_container-id-gsbp-9deeb129-9b5a.gspb_container{flex-direction:column;box-sizing:border-box}#gspb_container-id-gsbp-b1e09851-1ae6.gspb_container{box-sizing:border-box;display:flex;flex-direction:row;flex-wrap:nowrap;justify-content:flex-start;align-content:center;align-items:center;background-size:36vw;background-repeat:no-repeat;background-position:100% 50%}#gspb_container-id-gsbp-8bfe7650-c822.gspb_container{flex-direction:column;box-sizing:border-box;margin-bottom:0;transition-duration:.7s;transition-timing-function:ease;opacity:0;transition-property:opacity,transform;transform:translate3d(60px,0,0)}#gspb_container-id-gsbp-8bfe7650-c822.gspb_container.aos-animate,#gspb_container-id-gsbp-8bfe7650-c822.gspb_container[data-gs-aos]{opacity:1;transform:translateZ(0)}#gspb_container-id-gsbp-7d68e5e4-9b7f.gspb_container{flex-direction:column;box-sizing:border-box}body.gspb-bodyfront #gspb_container-id-gsbp-7d68e5e4-9b7f.gspb_container{width:100%;height:6.94vw;min-height:6.94vw}","content-type":"","inline_featured_image":false,"site-sidebar-layout":"default","site-content-layout":"","ast-site-content-layout":"","site-content-style":"default","site-sidebar-style":"default","ast-global-header-display":"","ast-banner-title-visibility":"","ast-main-header-display":"","ast-hfb-above-header-display":"","ast-hfb-below-header-display":"","ast-hfb-mobile-header-display":"","site-post-title":"","ast-breadcrumbs-content":"","ast-featured-img":"","footer-sml-layout":"","theme-transparent-header-meta":"","adv-header-id-meta":"","stick-header-meta":"","header-above-stick-meta":"","header-main-stick-meta":"","header-below-stick-meta":"","astra-migrate-meta-layouts":"","ast-page-background-enabled":"default","ast-page-background-meta":{"desktop":{"background-color":"var(--ast-global-color-4)","background-image":"","background-repeat":"repeat","background-position":"center center","background-size":"auto","background-attachment":"scroll","background-type":"","background-media":"","overlay-type":"","overlay-color":"","overlay-gradient":""},"tablet":{"background-color":"","background-image":"","background-repeat":"repeat","background-position":"center center","background-size":"auto","background-attachment":"scroll","background-type":"","background-media":"","overlay-type":"","overlay-color":"","overlay-gradient":""},"mobile":{"background-color":"","background-image":"","background-repeat":"repeat","background-position":"center center","background-size":"auto","background-attachment":"scroll","background-type":"","background-media":"","overlay-type":"","overlay-color":"","overlay-gradient":""}},"ast-content-background-meta":{"desktop":{"background-color":"var(--ast-global-color-5)","background-image":"","background-repeat":"repeat","background-position":"center center","background-size":"auto","background-attachment":"scroll","background-type":"","background-media":"","overlay-type":"","overlay-color":"","overlay-gradient":""},"tablet":{"background-color":"var(--ast-global-color-5)","background-image":"","background-repeat":"repeat","background-position":"center center","background-size":"auto","background-attachment":"scroll","background-type":"","background-media":"","overlay-type":"","overlay-color":"","overlay-gradient":""},"mobile":{"background-color":"var(--ast-global-color-5)","background-image":"","background-repeat":"repeat","background-position":"center center","background-size":"auto","background-attachment":"scroll","background-type":"","background-media":"","overlay-type":"","overlay-color":"","overlay-gradient":""}},"footnotes":""},"class_list":["post-10934","page","type-page","status-publish","hentry"],"acf":[],"_links":{"self":[{"href":"https:\/\/bamar.pl\/fr\/wp-json\/wp\/v2\/pages\/10934"}],"collection":[{"href":"https:\/\/bamar.pl\/fr\/wp-json\/wp\/v2\/pages"}],"about":[{"href":"https:\/\/bamar.pl\/fr\/wp-json\/wp\/v2\/types\/page"}],"author":[{"embeddable":true,"href":"https:\/\/bamar.pl\/fr\/wp-json\/wp\/v2\/users\/4"}],"replies":[{"embeddable":true,"href":"https:\/\/bamar.pl\/fr\/wp-json\/wp\/v2\/comments?post=10934"}],"version-history":[{"count":3,"href":"https:\/\/bamar.pl\/fr\/wp-json\/wp\/v2\/pages\/10934\/revisions"}],"predecessor-version":[{"id":11048,"href":"https:\/\/bamar.pl\/fr\/wp-json\/wp\/v2\/pages\/10934\/revisions\/11048"}],"wp:attachment":[{"href":"https:\/\/bamar.pl\/fr\/wp-json\/wp\/v2\/media?parent=10934"}],"curies":[{"name":"wp","href":"https:\/\/api.w.org\/{rel}","templated":true}]}}